{"id":4,"date":"2013-05-13T11:38:45","date_gmt":"2013-05-13T09:38:45","guid":{"rendered":"https:\/\/enska.ch\/?page_id=4"},"modified":"2014-03-02T09:23:51","modified_gmt":"2014-03-02T07:23:51","slug":"angebot","status":"publish","type":"page","link":"https:\/\/enska.ch\/?page_id=4","title":{"rendered":"Angebot"},"content":{"rendered":"<h2><strong>Speis und Trank<\/strong><\/h2>\n<p>Auf unserem Hof w\u00e4chst nicht nur der holde Holder, aus welchem wir Holunderwein, Holunderros\u00e9 oder Holunderbl\u00fctensekt machen, auch unsere Tiere wachsen pr\u00e4chtig und werden tr\u00e4chtig. Feines Fleisch unserer Bio Wollschweine und auch Woll-Wildschweine gibt&#8217;s auf dem enska Hof zu kaufen. <a title=\"Kontakt Ernst Knellwolf\" href=\"https:\/\/enska.ch\/?page_id=14\">Kontaktieren<\/a> Sie uns per Mail oder Telefon.<\/p>\n<div id=\"attachment_6\" style=\"width: 310px\" class=\"wp-caption alignleft\"><img loading=\"lazy\" decoding=\"async\" aria-describedby=\"caption-attachment-6\" class=\"size-full wp-image-6    \" title=\"Holunderwein aus Herisau\" alt=\"Holunderwein &amp; Sekt\" src=\"https:\/\/enska.ch\/wp-content\/uploads\/2013\/05\/wein-rose-sekt.jpg\" width=\"300\" height=\"225\" \/><p id=\"caption-attachment-6\" class=\"wp-caption-text\">Holunderwein, Holunderros\u00e9, Holunderbl\u00fchtensekt<\/p><\/div>\n<div id=\"attachment_5\" style=\"width: 310px\" class=\"wp-caption alignleft\"><img loading=\"lazy\" decoding=\"async\" aria-describedby=\"caption-attachment-5\" class=\"size-full wp-image-5 \" alt=\"wollschwein\" src=\"https:\/\/enska.ch\/wp-content\/uploads\/2013\/05\/angebot_wollschwein.jpg\" width=\"300\" height=\"225\" \/><p id=\"caption-attachment-5\" class=\"wp-caption-text\">Fleisch vom Bio Wollschwein<\/p><\/div>\n<p>&nbsp;<\/p>\n<p>&nbsp;<\/p>\n<p>&nbsp;<\/p>\n<p>&nbsp;<\/p>\n<p>&nbsp;<\/p>\n<p>&nbsp;<\/p>\n<p>&nbsp;<\/p>\n<p>&nbsp;<\/p>\n<h2><strong>Freizeit<\/strong><\/h2>\n<h3><strong>Party-Location<\/strong><\/h3>\n<p>Feste Feiern kann man auch bei uns, in der Party Location ist Platz f\u00fcr 30 Personen mit \u00dcbernachtunsm\u00f6glichkeit.<\/p>\n<h3><strong>Hof-Zeit<\/strong><\/h3>\n<p>Wollen Sie Zeit auf unserem Hof verbringen? Feuer machen, grillieren beim Haus oder im Wald, Lindenbl\u00fcten sammeln, Zwetschgen, blaue Pflaumen, Mirabellen und \u00c4pfel frisch vom Baum ernten. Oder gar \u00c4pfel f\u00fcr den eigenen Apfelsaft auflesen. Lust zum heuen, \u00d6kofl\u00e4chen pflegen oder holzen?<\/p>\n<h3><strong>Patenschaften<\/strong><\/h3>\n<p>Patenschaften f\u00fcr Pommernenten, Diepholzerg\u00e4nse, Wollschweine und Braunvieh.<\/p>\n<p>&nbsp;<\/p>\n<h2><strong>Erinnerungen<\/strong><\/h2>\n<p>Erinnerungen an unsere Holderbar am Herisauer Warenmarkt.<\/p>\n<div id=\"attachment_41\" style=\"width: 310px\" class=\"wp-caption alignleft\"><img loading=\"lazy\" decoding=\"async\" aria-describedby=\"caption-attachment-41\" class=\"size-full wp-image-41\" alt=\"Holderbar\" src=\"https:\/\/enska.ch\/wp-content\/uploads\/2013\/05\/enska-warenmarkt.jpg\" width=\"300\" height=\"218\" \/><p id=\"caption-attachment-41\" class=\"wp-caption-text\">Enska Holderbar<\/p><\/div>\n<div id=\"attachment_42\" style=\"width: 310px\" class=\"wp-caption alignleft\"><img loading=\"lazy\" decoding=\"async\" aria-describedby=\"caption-attachment-42\" class=\"size-full wp-image-42\" alt=\"Holunder Getr\u00e4nke\" src=\"https:\/\/enska.ch\/wp-content\/uploads\/2013\/05\/enska-warenmarkt2.jpg\" width=\"300\" height=\"218\" \/><p id=\"caption-attachment-42\" class=\"wp-caption-text\">Holunder Getr\u00e4nke<\/p><\/div>\n<p>&nbsp;<\/p>\n<div id=\"attachment_44\" style=\"width: 310px\" class=\"wp-caption alignleft\"><img loading=\"lazy\" decoding=\"async\" aria-describedby=\"caption-attachment-44\" class=\"size-full wp-image-44\" alt=\"Holde Getr\u00e4nke\" src=\"https:\/\/enska.ch\/wp-content\/uploads\/2013\/05\/enska-warenmarkt3.jpg\" width=\"300\" height=\"224\" \/><p id=\"caption-attachment-44\" class=\"wp-caption-text\">Holde Getr\u00e4nke<\/p><\/div>\n<p><img loading=\"lazy\" decoding=\"async\" class=\"size-full wp-image-43 alignleft\" alt=\"Holunder Getr\u00e4nke und Mini Kiwis\" src=\"https:\/\/enska.ch\/wp-content\/uploads\/2013\/05\/enska-warenmarkt4.jpg\" width=\"170\" height=\"224\" \/><\/p>\n","protected":false},"excerpt":{"rendered":"<p>Speis und Trank Auf unserem Hof w\u00e4chst nicht nur der holde Holder, aus welchem wir Holunderwein, Holunderros\u00e9 oder Holunderbl\u00fctensekt machen, auch unsere Tiere wachsen pr\u00e4chtig und werden tr\u00e4chtig. Feines Fleisch unserer Bio Wollschweine und auch Woll-Wildschweine gibt&#8217;s auf dem enska Hof zu kaufen. Kontaktieren Sie uns per Mail oder Telefon. &nbsp; &nbsp; &nbsp; &nbsp; &nbsp; [&hellip;]<\/p>\n","protected":false},"author":1,"featured_media":0,"parent":0,"menu_order":0,"comment_status":"open","ping_status":"open","template":"","meta":{"ngg_post_thumbnail":0,"footnotes":""},"class_list":["post-4","page","type-page","status-publish","hentry"],"_links":{"self":[{"href":"https:\/\/enska.ch\/index.php?rest_route=\/wp\/v2\/pages\/4","targetHints":{"allow":["GET"]}}],"collection":[{"href":"https:\/\/enska.ch\/index.php?rest_route=\/wp\/v2\/pages"}],"about":[{"href":"https:\/\/enska.ch\/index.php?rest_route=\/wp\/v2\/types\/page"}],"author":[{"embeddable":true,"href":"https:\/\/enska.ch\/index.php?rest_route=\/wp\/v2\/users\/1"}],"replies":[{"embeddable":true,"href":"https:\/\/enska.ch\/index.php?rest_route=%2Fwp%2Fv2%2Fcomments&post=4"}],"version-history":[{"count":38,"href":"https:\/\/enska.ch\/index.php?rest_route=\/wp\/v2\/pages\/4\/revisions"}],"predecessor-version":[{"id":136,"href":"https:\/\/enska.ch\/index.php?rest_route=\/wp\/v2\/pages\/4\/revisions\/136"}],"wp:attachment":[{"href":"https:\/\/enska.ch\/index.php?rest_route=%2Fwp%2Fv2%2Fmedia&parent=4"}],"curies":[{"name":"wp","href":"https:\/\/api.w.org\/{rel}","templated":true}]}}